{"id":2547,"date":"2025-02-24T03:16:17","date_gmt":"2025-02-24T02:16:17","guid":{"rendered":"https:\/\/thelocopolo.com\/productos\/locobo-cafe\/"},"modified":"2025-02-24T03:16:19","modified_gmt":"2025-02-24T02:16:19","slug":"locobo-cafe","status":"publish","type":"product","link":"https:\/\/locopolo.com\/eu\/produktuak\/locobo-cafe\/","title":{"rendered":"Locob\u00f3 Caf\u00e9"},"content":{"rendered":"<p>Peque\u00f1a dosis de cafe\u00edna rellena de crema de caf\u00e9 y ba\u00f1ada en chocolate con leche. Para una dosis extra, puedes ba\u00f1arlo en tu caf\u00e9 diario.<\/p>\n","protected":false},"excerpt":{"rendered":"<p>Peque\u00f1a dosis de cafe\u00edna rellena de crema de caf\u00e9 y ba\u00f1ada en chocolate con leche. Para una dosis extra, puedes ba\u00f1arlo en tu caf\u00e9 diario&#8230;.<\/p>\n","protected":false},"author":2,"featured_media":2584,"menu_order":0,"template":"","meta":{"_acf_changed":false,"inline_featured_image":false,"footnotes":""},"allergen":[190,179],"product_cat":[203],"class_list":["post-2547","product","type-product","status-publish","has-post-thumbnail","hentry","allergen-soybean","allergen-dairy","product_cat-locobo-en"],"acf":[],"_links":{"self":[{"href":"https:\/\/locopolo.com\/eu\/wp-json\/wp\/v2\/product\/2547","targetHints":{"allow":["GET"]}}],"collection":[{"href":"https:\/\/locopolo.com\/eu\/wp-json\/wp\/v2\/product"}],"about":[{"href":"https:\/\/locopolo.com\/eu\/wp-json\/wp\/v2\/types\/product"}],"author":[{"embeddable":true,"href":"https:\/\/locopolo.com\/eu\/wp-json\/wp\/v2\/users\/2"}],"version-history":[{"count":0,"href":"https:\/\/locopolo.com\/eu\/wp-json\/wp\/v2\/product\/2547\/revisions"}],"wp:featuredmedia":[{"embeddable":true,"href":"https:\/\/locopolo.com\/eu\/wp-json\/wp\/v2\/media\/2584"}],"wp:attachment":[{"href":"https:\/\/locopolo.com\/eu\/wp-json\/wp\/v2\/media?parent=2547"}],"wp:term":[{"taxonomy":"allergen","embeddable":true,"href":"https:\/\/locopolo.com\/eu\/wp-json\/wp\/v2\/allergen?post=2547"},{"taxonomy":"product_cat","embeddable":true,"href":"https:\/\/locopolo.com\/eu\/wp-json\/wp\/v2\/product_cat?post=2547"}],"curies":[{"name":"wp","href":"https:\/\/api.w.org\/{rel}","templated":true}]}}